{"id":57,"date":"2020-10-29T18:13:32","date_gmt":"2020-10-29T17:13:32","guid":{"rendered":"https:\/\/prospero.tisseursdetoiles.com\/?page_id=57"},"modified":"2021-01-02T11:58:27","modified_gmt":"2021-01-02T10:58:27","slug":"preambule","status":"publish","type":"page","link":"https:\/\/prospero.ovh\/?page_id=57","title":{"rendered":"preambule"},"content":{"rendered":"\t\t<div data-elementor-type=\"wp-page\" data-elementor-id=\"57\" class=\"elementor elementor-57\" data-elementor-settings=\"[]\">\n\t\t\t\t\t\t<div class=\"elementor-inner\">\n\t\t\t\t\t\t\t<div class=\"elementor-section-wrap\">\n\t\t\t\t\t\t\t<section class=\"elementor-section elementor-top-section elementor-element elementor-element-6aec6436 elementor-section-stretched elementor-section-boxed elementor-section-height-default elementor-section-height-default\" data-id=\"6aec6436\" data-element_type=\"section\" data-settings=\"{&quot;stretch_section&quot;:&quot;section-stretched&quot;}\">\n\t\t\t\t\t\t<div class=\"elementor-container elementor-column-gap-default\">\n\t\t\t\t\t\t\t<div class=\"elementor-row\">\n\t\t\t\t\t<div class=\"elementor-column elementor-col-100 elementor-top-column elementor-element elementor-element-6aa9d3ee\" data-id=\"6aa9d3ee\" data-element_type=\"column\">\n\t\t\t<div class=\"elementor-column-wrap elementor-element-populated\">\n\t\t\t\t\t\t\t<div class=\"elementor-widget-wrap\">\n\t\t\t\t\t\t<div class=\"elementor-element elementor-element-739127e6 elementor-widget elementor-widget-heading\" data-id=\"739127e6\" data-element_type=\"widget\" data-widget_type=\"heading.default\">\n\t\t\t\t<div class=\"elementor-widget-container\">\n\t\t\t<h2 class=\"elementor-heading-title elementor-size-default\">\"Voici ce que d\u00e9clare celui qui est le premier et le dernier, celui qui \u00e9tait mort et qui est revenu \u00e0 la vie :\"<br><br>\n\"Qui est digne de briser les sceaux et d'ouvrir la porte ?\"<\/h2>\t\t<\/div>\n\t\t\t\t<\/div>\n\t\t\t\t\t\t<\/div>\n\t\t\t\t\t<\/div>\n\t\t<\/div>\n\t\t\t\t\t\t\t\t<\/div>\n\t\t\t\t\t<\/div>\n\t\t<\/section>\n\t\t\t\t<section class=\"elementor-section elementor-top-section elementor-element elementor-element-1f6924d elementor-section-stretched elementor-section-boxed elementor-section-height-default elementor-section-height-default\" data-id=\"1f6924d\" data-element_type=\"section\" data-settings=\"{&quot;stretch_section&quot;:&quot;section-stretched&quot;}\">\n\t\t\t\t\t\t<div class=\"elementor-container elementor-column-gap-default\">\n\t\t\t\t\t\t\t<div class=\"elementor-row\">\n\t\t\t\t\t<div class=\"elementor-column elementor-col-33 elementor-top-column elementor-element elementor-element-c739e91\" data-id=\"c739e91\" data-element_type=\"column\">\n\t\t\t<div class=\"elementor-column-wrap elementor-element-populated\">\n\t\t\t\t\t\t\t<div class=\"elementor-widget-wrap\">\n\t\t\t\t\t\t<div class=\"elementor-element elementor-element-20a52cf elementor-widget elementor-widget-heading\" data-id=\"20a52cf\" data-element_type=\"widget\" data-widget_type=\"heading.default\">\n\t\t\t\t<div class=\"elementor-widget-container\">\n\t\t\t<h2 class=\"elementor-heading-title elementor-size-default\">Je vis l'agneau briser le premier des sept sceaux, et j'entendis l'un des quatre \u00eatres vivants  dire d'une voix qui r\u00e9sonnait comme le tonnerre : \"Viens !\". Je regardais et je vis un cheval blanc. Celui qui le montait tenait un arc, et on lui donna une couronne. Il partit en vainqueur et pour vaincre encore.<\/h2>\t\t<\/div>\n\t\t\t\t<\/div>\n\t\t\t\t\t\t<\/div>\n\t\t\t\t\t<\/div>\n\t\t<\/div>\n\t\t\t\t<div class=\"elementor-column elementor-col-33 elementor-top-column elementor-element elementor-element-f44d895\" data-id=\"f44d895\" data-element_type=\"column\">\n\t\t\t<div class=\"elementor-column-wrap elementor-element-populated\">\n\t\t\t\t\t\t\t<div class=\"elementor-widget-wrap\">\n\t\t\t\t\t\t<div class=\"elementor-element elementor-element-343bb38 elementor-widget elementor-widget-image\" data-id=\"343bb38\" data-element_type=\"widget\" data-widget_type=\"image.default\">\n\t\t\t\t<div class=\"elementor-widget-container\">\n\t\t\t\t\t<div class=\"elementor-image\">\n\t\t\t\t\t\t\t\t\t\t\t<a href=\"https:\/\/prospero.ovh\/?page_id=6\">\n\t\t\t\t\t\t\t<img src=\"https:\/\/prospero.ovh\/wp-content\/uploads\/elementor\/thumbs\/gates_of_hell-oyi59q66u11rq162l1z3jtbaud5c1n3c8c697vp81s.jpg\" title=\"gates_of_hell\" alt=\"gates_of_hell\" \/>\t\t\t\t\t\t\t\t<\/a>\n\t\t\t\t\t\t\t\t\t\t\t<\/div>\n\t\t\t\t<\/div>\n\t\t\t\t<\/div>\n\t\t\t\t\t\t<\/div>\n\t\t\t\t\t<\/div>\n\t\t<\/div>\n\t\t\t\t<div class=\"elementor-column elementor-col-33 elementor-top-column elementor-element elementor-element-3b1082c\" data-id=\"3b1082c\" data-element_type=\"column\">\n\t\t\t<div class=\"elementor-column-wrap elementor-element-populated\">\n\t\t\t\t\t\t\t<div class=\"elementor-widget-wrap\">\n\t\t\t\t\t\t<div class=\"elementor-element elementor-element-9571487 elementor-widget elementor-widget-heading\" data-id=\"9571487\" data-element_type=\"widget\" data-widget_type=\"heading.default\">\n\t\t\t\t<div class=\"elementor-widget-container\">\n\t\t\t<h2 class=\"elementor-heading-title elementor-size-default\">La terre \u00e9tait sans forme et vide, et l'obscurit\u00e9 couvrait l'oc\u00e9an primitif. Le souffle de Dieu se d\u00e9pla\u00e7ait \u00e0 la surface de l'eau. Alors Dieu dit : \"Que la lumi\u00e8re paraisse !\" et la lumi\u00e8re parut. Dieu constata que la lumi\u00e8re \u00e9tait une bonne chose, et il s\u00e9para la lumi\u00e8re de l'obscurit\u00e9 ; ce fut la premi\u00e8re journ\u00e9e.<\/h2>\t\t<\/div>\n\t\t\t\t<\/div>\n\t\t\t\t\t\t<\/div>\n\t\t\t\t\t<\/div>\n\t\t<\/div>\n\t\t\t\t\t\t\t\t<\/div>\n\t\t\t\t\t<\/div>\n\t\t<\/section>\n\t\t\t\t\t\t<\/div>\n\t\t\t\t\t\t<\/div>\n\t\t\t\t\t<\/div>\n\t\t","protected":false},"excerpt":{"rendered":"<p>\u00ab\u00a0Voici ce que d\u00e9clare celui qui est le premier et le dernier, celui qui \u00e9tait mort et qui est revenu \u00e0 la vie :\u00a0\u00bb \u00ab\u00a0Qui est digne de briser les sceaux et d&rsquo;ouvrir la porte ?\u00a0\u00bb Je vis l&rsquo;agneau briser le premier des sept sceaux, et j&rsquo;entendis l&rsquo;un des quatre \u00eatres vivants dire d&rsquo;une voix [&hellip;]<\/p>\n","protected":false},"author":1,"featured_media":0,"parent":0,"menu_order":0,"comment_status":"closed","ping_status":"closed","template":"","meta":[],"_links":{"self":[{"href":"https:\/\/prospero.ovh\/index.php?rest_route=\/wp\/v2\/pages\/57"}],"collection":[{"href":"https:\/\/prospero.ovh\/index.php?rest_route=\/wp\/v2\/pages"}],"about":[{"href":"https:\/\/prospero.ovh\/index.php?rest_route=\/wp\/v2\/types\/page"}],"author":[{"embeddable":true,"href":"https:\/\/prospero.ovh\/index.php?rest_route=\/wp\/v2\/users\/1"}],"replies":[{"embeddable":true,"href":"https:\/\/prospero.ovh\/index.php?rest_route=%2Fwp%2Fv2%2Fcomments&post=57"}],"version-history":[{"count":27,"href":"https:\/\/prospero.ovh\/index.php?rest_route=\/wp\/v2\/pages\/57\/revisions"}],"predecessor-version":[{"id":950,"href":"https:\/\/prospero.ovh\/index.php?rest_route=\/wp\/v2\/pages\/57\/revisions\/950"}],"wp:attachment":[{"href":"https:\/\/prospero.ovh\/index.php?rest_route=%2Fwp%2Fv2%2Fmedia&parent=57"}],"curies":[{"name":"wp","href":"https:\/\/api.w.org\/{rel}","templated":true}]}}